{"id":68,"date":"2024-08-16T04:19:44","date_gmt":"2024-08-16T04:19:44","guid":{"rendered":"https:\/\/wp.highland-dragons-sd.de\/?page_id=68"},"modified":"2024-08-24T12:37:04","modified_gmt":"2024-08-24T12:37:04","slug":"was-ist-square-dance","status":"publish","type":"page","link":"https:\/\/wp.highland-dragons-sd.de\/?page_id=68","title":{"rendered":"Was ist Square Dance?"},"content":{"rendered":"\n<p><strong>Square Dance ist eine gesellige Form der amerikanischen Folklore. Zu flotter Western-Musik oder auch Pop-Songs tanzen Gruppen von jeweils vier Paaren verschiedene Figuren miteinander.<br><br>Es wird nach den Ansagen eines Callers getanzt, niemand muss komplette Schrittfolgen auswendig lernen. Die unkomplizierte Musik macht es selbst Nichtt\u00e4nzern m\u00f6glich, problemlos mitzumachen.<\/strong><br><br><br><\/p>\n\n\n\n<h3 class=\"wp-block-heading\"><strong>Wo kommt Square Dance he<\/strong>r?<\/h3>\n\n\n\n<p>Square Dance entstand aus einer Vielzahl von europ\u00e4ischen (Volks-) T\u00e4nzen insbesondere der franz\u00f6sischen Quadrille und den englischen Morris- und Contra-Dances.<br><br>W\u00e4hrend der Besiedlung Nordamerikas verbreiteten die Siedler ihre eigenen T\u00e4nze und \u00fcbernahmen Figuren anderer, so entstand eine einzigartige Mischung. Gegen 1930 wurden die inzwischen fast vergessenen Square Dances wieder entdeckt.<br><br>Sp\u00e4ter machte sich eine Gruppe von Callern daran, die vorhandenen Figuren zusammenzutragen, um sie zu standardisieren. Dies ist die Grundlage des heutigen Modern American Square Dance.<br><br>Nach Deutschland kam der Square Dance mit den amerikanischen Soldaten am Ende des Zweiten Weltkrieges.<\/p>\n\n\n\n<h3 class=\"wp-block-heading\"><br><strong>Modern American Square Dance heute<\/strong><\/h3>\n\n\n\n<p><strong>Da \u00fcberall auf der Welt die gleichen Figuren benutzt werden, kann jeder, der irgendwo Square Dance gelernt hat, auch \u00fcberall mittanzen. Ob mit Partner oder ohne, bald ist man Teil eines Kreises, in dem jeder jedem freundschaftlich begegnet.<\/strong><br><br><strong>Hierarchien kennen wir nicht, Titel bleiben zuhause. Es gibt keinen Wettbewerb, nur Spa\u00df am Beisammensein mit Musik und Tanz.<\/strong><br><br><strong>Square Dancer besuchen sich gegenseitig auf den Clubabenden anderer Clubs und organisieren regionale, \u00fcberregionale und internationale Tanzveranstaltungen. Bei den j\u00e4hrlichen Jamborees der Europ\u00e4ischen Square Dance Dachorganisationen treffen sich zwischen 1.000 und 2.000 T\u00e4nzer zu einem Wochenende.<\/strong><\/p>\n\n\n\n<p><\/p>\n","protected":false},"excerpt":{"rendered":"<p>Square Dance ist eine gesellige Form der amerikanischen Folklore. Zu flotter Western-Musik oder auch Pop-Songs tanzen Gruppen von jeweils vier [&hellip;]<\/p>\n","protected":false},"author":1,"featured_media":0,"parent":0,"menu_order":5,"comment_status":"closed","ping_status":"closed","template":"","meta":{"site-sidebar-layout":"default","site-content-layout":"","ast-site-content-layout":"default","site-content-style":"default","site-sidebar-style":"default","ast-global-header-display":"","ast-banner-title-visibility":"","ast-main-header-display":"","ast-hfb-above-header-display":"","ast-hfb-below-header-display":"","ast-hfb-mobile-header-display":"","site-post-title":"","ast-breadcrumbs-content":"","ast-featured-img":"","footer-sml-layout":"","ast-disable-related-posts":"","theme-transparent-header-meta":"","adv-header-id-meta":"","stick-header-meta":"","header-above-stick-meta":"","header-main-stick-meta":"","header-below-stick-meta":"","astra-migrate-meta-layouts":"default","ast-page-background-enabled":"default","ast-page-background-meta":{"desktop":{"background-color":"var(--ast-global-color-4)","background-image":"","background-repeat":"repeat","background-position":"center center","background-size":"auto","background-attachment":"scroll","background-type":"","background-media":"","overlay-type":"","overlay-color":"","overlay-opacity":"","overlay-gradient":""},"tablet":{"background-color":"","background-image":"","background-repeat":"repeat","background-position":"center center","background-size":"auto","background-attachment":"scroll","background-type":"","background-media":"","overlay-type":"","overlay-color":"","overlay-opacity":"","overlay-gradient":""},"mobile":{"background-color":"","background-image":"","background-repeat":"repeat","background-position":"center center","background-size":"auto","background-attachment":"scroll","background-type":"","background-media":"","overlay-type":"","overlay-color":"","overlay-opacity":"","overlay-gradient":""}},"ast-content-background-meta":{"desktop":{"background-color":"var(--ast-global-color-5)","background-image":"","background-repeat":"repeat","background-position":"center center","background-size":"auto","background-attachment":"scroll","background-type":"","background-media":"","overlay-type":"","overlay-color":"","overlay-opacity":"","overlay-gradient":""},"tablet":{"background-color":"var(--ast-global-color-5)","background-image":"","background-repeat":"repeat","background-position":"center center","background-size":"auto","background-attachment":"scroll","background-type":"","background-media":"","overlay-type":"","overlay-color":"","overlay-opacity":"","overlay-gradient":""},"mobile":{"background-color":"var(--ast-global-color-5)","background-image":"","background-repeat":"repeat","background-position":"center center","background-size":"auto","background-attachment":"scroll","background-type":"","background-media":"","overlay-type":"","overlay-color":"","overlay-opacity":"","overlay-gradient":""}},"_mc_calendar":[],"footnotes":""},"class_list":["post-68","page","type-page","status-publish","hentry"],"_links":{"self":[{"href":"https:\/\/wp.highland-dragons-sd.de\/index.php?rest_route=\/wp\/v2\/pages\/68","targetHints":{"allow":["GET"]}}],"collection":[{"href":"https:\/\/wp.highland-dragons-sd.de\/index.php?rest_route=\/wp\/v2\/pages"}],"about":[{"href":"https:\/\/wp.highland-dragons-sd.de\/index.php?rest_route=\/wp\/v2\/types\/page"}],"author":[{"embeddable":true,"href":"https:\/\/wp.highland-dragons-sd.de\/index.php?rest_route=\/wp\/v2\/users\/1"}],"replies":[{"embeddable":true,"href":"https:\/\/wp.highland-dragons-sd.de\/index.php?rest_route=%2Fwp%2Fv2%2Fcomments&post=68"}],"version-history":[{"count":13,"href":"https:\/\/wp.highland-dragons-sd.de\/index.php?rest_route=\/wp\/v2\/pages\/68\/revisions"}],"predecessor-version":[{"id":602,"href":"https:\/\/wp.highland-dragons-sd.de\/index.php?rest_route=\/wp\/v2\/pages\/68\/revisions\/602"}],"wp:attachment":[{"href":"https:\/\/wp.highland-dragons-sd.de\/index.php?rest_route=%2Fwp%2Fv2%2Fmedia&parent=68"}],"curies":[{"name":"wp","href":"https:\/\/api.w.org\/{rel}","templated":true}]}}