{"id":79,"date":"2024-08-16T04:34:12","date_gmt":"2024-08-16T04:34:12","guid":{"rendered":"https:\/\/wp.highland-dragons-sd.de\/?page_id=79"},"modified":"2025-11-06T20:58:54","modified_gmt":"2025-11-06T20:58:54","slug":"square-dance-lernen","status":"publish","type":"page","link":"https:\/\/wp.highland-dragons-sd.de\/?page_id=79","title":{"rendered":"Square Dance lernen"},"content":{"rendered":"\n<h4 class=\"wp-block-heading\">Was ist Square Dance?<\/h4>\n\n\n\n<p>Square Dance ist der Volkstanz der USA. Die verschiedenen Bewegungen, die im Square Dance benutzt werden, basieren auf traditionellen Volkst\u00e4nzen der verschiedenen V\u00f6lker, die in die USA ausgewandert sind.<br><br>Nach Deutschland wurde der Square Dance schlie\u00dflich durch die Amerikaner nach dem zweiten Weltkrieg gebracht.<br><br>Ein Square besteht aus 8 T\u00e4nzer(innen), die sich in einem Quadrat (= Square) aufstellen, daher auch der Name Square Dance.<br><br>Getanzt wird im Takt der Musik auf Zuruf eines Callers (Ansager). Die T\u00e4nzer setzen die Calls (Figuren) dann sofort in Bewegung um.<br><br>Man erlernt einzelne Figuren. Die Figurenfolge eines jeden Tanzes wird durch den Caller spontan entschieden, es gibt keine Choreographie! Dadurch ist jeder Tanz wieder etwas Neues.<br><br>Das Mainstream Programm, das die Basis vom Square Dance darstellt, umfasst derzeit 68 Figuren.<br><br>Square Dance f\u00f6rdert den Geist und h\u00e4lt k\u00f6rperlich fit.<\/p>\n\n\n\n<h4 class=\"wp-block-heading\"><br><br>\u00dcber Square Dance:<\/h4>\n\n\n\n<p>Wir Square Dancer sind eine gro\u00dfe Familie. Unser Hobby kann jeder erlernen \u2013 von 10 \u2013 80 Jahren. Square Dancer haben Spa\u00df und Freude am Tanz und flotter Musik.<br><br>Beim Square Dance gibt es keine Wettbewerbe. Wir tanzen ausschlie\u00dflich aus Spa\u00df am Tanzen.<br><br>Einmal gelernt kann man Square Dance auf der ganzen Welt tanzen, die Figuren sind \u00fcberall auf der Welt gleich. Allein in Deutschland existieren \u00fcber 500 Square-Dance-Clubs!<br><br>Square Dance bietet die M\u00f6glichkeit, in kurzer Zeit viele neue nette Menschen kennen zu lernen.<\/p>\n\n\n\n<h4 class=\"wp-block-heading\"><br><br><strong>Wer sind wir?<\/strong><\/h4>\n\n\n\n<p>Die Highland Dragons e.V. wurden am 12.05.2010 in M\u00f6mlingen gegr\u00fcndet. Wir treffen uns einmal w\u00f6chentlich donnerstags zum Tanzen. Weiterhin bieten wir verschiedene Workshops an.&nbsp;<br><br>Abgerundet wird unser Programm durch Besuche anderer Clubs, Vereinsausfl\u00fcge und viele weitere gemeinsame Aktionen.<br><br>Auch stellen wir bei Auftritten regelm\u00e4\u00dfig unser Hobby zur Schau. Die Teilnahme ist selbstverst\u00e4ndlich dabei nicht verpflichtend.<\/p>\n\n\n\n<h4 class=\"wp-block-heading\"><br><br><strong>Open House<\/strong>:<\/h4>\n\n\n\n<p>Beim Open House (Tag der offenen T\u00fcr) hast Du die Chance, Square Dance einmal selbst zu erleben und mitzutanzen oder auch einfach mal zuzusehen.<\/p>\n\n\n\n<p><\/p>\n\n\n\n<h4 class=\"wp-block-heading has-text-align-left\"><br><br><strong>Class (Anf\u00e4ngerkurs)<\/strong>:<\/h4>\n\n\n\n<p>Die Class findet w\u00f6chentlich gemeinsam mit unserem Clubabend donnerstags statt. Sie dauert ca. ein halbes Jahr und endet in einer feierlichen \u201eGraduation\u201c.<br><br>Nach Deiner erfolgreichen Ausbildung erh\u00e4ltst Du eine Urkunde und kannst anschlie\u00dfend weltweit in jedem Square Dance Club tanzen.<br><br>Auch wenn die Calls in Englisch sind, ist englische Sprache f\u00fcr das Tanzen nicht erforderlich!<br><br>Um Square Dance zu lernen, muss man kein begnadeter T\u00e4nzer sein. Square Dance kann jeder lernen. Auch gibt es bei uns keine festen Tanzpartner, es tanzt jeder mit jedem. Es ist als kein Problem allein einzusteigen.<\/p>\n\n\n\n<p><a href=\"https:\/\/wp.highland-dragons-sd.de\/wp-content\/uploads\/2025\/09\/Class-Flyer_2025_aktuell-Si.pdf\">hier gehts zum Flyer mit mehr Informationen<\/a><\/p>\n\n\n\n<h4 class=\"wp-block-heading\"><br><br>Kosten:<\/h4>\n\n\n\n<p>Die Kursgeb\u00fchren betragen:<\/p>\n\n\n\n<p>Einzelperson 95,- \u20ac<br>Kind (unter 18 Jahren) 50,- \u20ac<br>Familie (2 Erwachsene plus Kinder unter 18 Jahren) 195,- \u20ac<br><br>Nach der erfolgreichen Ausbildung w\u00fcrden wir uns freuen, Dich als dauerhaftes Mitglied in unserem Verein begr\u00fc\u00dfen zu d\u00fcrfen.<\/p>\n\n\n\n<p><\/p>\n\n\n\n<p><\/p>\n\n\n\n<p><\/p>\n\n\n\n<p><\/p>\n","protected":false},"excerpt":{"rendered":"<p>Was ist Square Dance? Square Dance ist der Volkstanz der USA. Die verschiedenen Bewegungen, die im Square Dance benutzt werden, [&hellip;]<\/p>\n","protected":false},"author":1,"featured_media":0,"parent":0,"menu_order":6,"comment_status":"closed","ping_status":"closed","template":"","meta":{"site-sidebar-layout":"default","site-content-layout":"","ast-site-content-layout":"default","site-content-style":"default","site-sidebar-style":"default","ast-global-header-display":"","ast-banner-title-visibility":"","ast-main-header-display":"","ast-hfb-above-header-display":"","ast-hfb-below-header-display":"","ast-hfb-mobile-header-display":"","site-post-title":"","ast-breadcrumbs-content":"","ast-featured-img":"","footer-sml-layout":"","ast-disable-related-posts":"","theme-transparent-header-meta":"","adv-header-id-meta":"","stick-header-meta":"","header-above-stick-meta":"","header-main-stick-meta":"","header-below-stick-meta":"","astra-migrate-meta-layouts":"default","ast-page-background-enabled":"default","ast-page-background-meta":{"desktop":{"background-color":"var(--ast-global-color-4)","background-image":"","background-repeat":"repeat","background-position":"center center","background-size":"auto","background-attachment":"scroll","background-type":"","background-media":"","overlay-type":"","overlay-color":"","overlay-opacity":"","overlay-gradient":""},"tablet":{"background-color":"","background-image":"","background-repeat":"repeat","background-position":"center center","background-size":"auto","background-attachment":"scroll","background-type":"","background-media":"","overlay-type":"","overlay-color":"","overlay-opacity":"","overlay-gradient":""},"mobile":{"background-color":"","background-image":"","background-repeat":"repeat","background-position":"center center","background-size":"auto","background-attachment":"scroll","background-type":"","background-media":"","overlay-type":"","overlay-color":"","overlay-opacity":"","overlay-gradient":""}},"ast-content-background-meta":{"desktop":{"background-color":"var(--ast-global-color-5)","background-image":"","background-repeat":"repeat","background-position":"center center","background-size":"auto","background-attachment":"scroll","background-type":"","background-media":"","overlay-type":"","overlay-color":"","overlay-opacity":"","overlay-gradient":""},"tablet":{"background-color":"var(--ast-global-color-5)","background-image":"","background-repeat":"repeat","background-position":"center center","background-size":"auto","background-attachment":"scroll","background-type":"","background-media":"","overlay-type":"","overlay-color":"","overlay-opacity":"","overlay-gradient":""},"mobile":{"background-color":"var(--ast-global-color-5)","background-image":"","background-repeat":"repeat","background-position":"center center","background-size":"auto","background-attachment":"scroll","background-type":"","background-media":"","overlay-type":"","overlay-color":"","overlay-opacity":"","overlay-gradient":""}},"_mc_calendar":[],"footnotes":""},"class_list":["post-79","page","type-page","status-publish","hentry"],"_links":{"self":[{"href":"https:\/\/wp.highland-dragons-sd.de\/index.php?rest_route=\/wp\/v2\/pages\/79","targetHints":{"allow":["GET"]}}],"collection":[{"href":"https:\/\/wp.highland-dragons-sd.de\/index.php?rest_route=\/wp\/v2\/pages"}],"about":[{"href":"https:\/\/wp.highland-dragons-sd.de\/index.php?rest_route=\/wp\/v2\/types\/page"}],"author":[{"embeddable":true,"href":"https:\/\/wp.highland-dragons-sd.de\/index.php?rest_route=\/wp\/v2\/users\/1"}],"replies":[{"embeddable":true,"href":"https:\/\/wp.highland-dragons-sd.de\/index.php?rest_route=%2Fwp%2Fv2%2Fcomments&post=79"}],"version-history":[{"count":10,"href":"https:\/\/wp.highland-dragons-sd.de\/index.php?rest_route=\/wp\/v2\/pages\/79\/revisions"}],"predecessor-version":[{"id":1113,"href":"https:\/\/wp.highland-dragons-sd.de\/index.php?rest_route=\/wp\/v2\/pages\/79\/revisions\/1113"}],"wp:attachment":[{"href":"https:\/\/wp.highland-dragons-sd.de\/index.php?rest_route=%2Fwp%2Fv2%2Fmedia&parent=79"}],"curies":[{"name":"wp","href":"https:\/\/api.w.org\/{rel}","templated":true}]}}