{"id":936,"date":"2025-03-23T06:52:14","date_gmt":"2025-03-23T06:52:14","guid":{"rendered":"https:\/\/wp.highland-dragons-sd.de\/?page_id=936"},"modified":"2025-08-21T20:01:15","modified_gmt":"2025-08-21T20:01:15","slug":"chronik-der-highland-dragons","status":"publish","type":"page","link":"https:\/\/wp.highland-dragons-sd.de\/?page_id=936","title":{"rendered":"Chronik der Highland Dragons"},"content":{"rendered":"\n<p><\/p>\n\n\n\n<p><strong>Die Gr\u00fcndung der Highland Dragons wurde im Rahmen eines Plus-Workshops in M\u00f6mlingen initiiert.<\/strong><\/p>\n\n\n\n<p><strong>Im Mai 2008 trafen sich T\u00e4nzer aus verschiedenen Clubs, um&nbsp; zweimal im Monat gemeinsam Plustanzen zu \u00fcben, ab 2009 gab es auch A1-Workshops. Der Spa\u00df, den wir dabei zusammen hatten, war so gro\u00df, dass wir am 12. Mai 2010 beschlossen, unseren eigenen Club zu gr\u00fcnden \u2013 die \u201eHighland Dragons\u201c.<\/strong><\/p>\n\n\n\n<p><strong>Zur Entstehung des Clubnamens:<\/strong><\/p>\n\n\n\n<p>Der damalige Caller Martin Laufer ist ein gro\u00dfer Schottland-Fan und w\u00fcnschte sich deshalb einen Namen mit Bezug zu Schottland. Gleichzeitig sollte der Clubname auch die Heimatverbundenheit widerspiegeln. So entstand der Name \u201eHighland Dragons\u201c. Zum einen verbanden sich hier die schottischen Highlands, zum anderen der Drache aus der Nibelungensage, der eine Verbindung zum Odenwald herstellte \u2013 und damit hatte der Clubnamen gleich mehrere bedeutungsvolle Aspekte.<\/p>\n\n\n\n<p>Nachdem der Name gefunden war, machten wir uns auf die Suche nach einem Clubraum und wurden in M\u00f6mlingen f\u00fcndig, wo uns die Gemeinde einen Raum zur Verf\u00fcgung stellte.<\/p>\n\n\n\n<p>Das Badge, das Besucherdangel und das Vereinsbanner wurden entworfen. Die Besucherdangels wurden anfangs in Heimarbeit von einigen Clubmitgliedern hergestellt. Um den Clubbesuch f\u00fcr G\u00e4ste noch attraktiver zu gestalten, wurde der Besucherdangel ge\u00e4ndert. So wurde schlie\u00dflich \u201eSigi\u201c unser Drache geboren \u2013 ein kleiner, liebevoll bemalter Drache aus Kunststoff.<\/p>\n\n\n\n<figure class=\"wp-block-image aligncenter size-full is-resized\"><img loading=\"lazy\" decoding=\"async\" width=\"872\" height=\"1024\" src=\"https:\/\/wp.highland-dragons-sd.de\/wp-content\/uploads\/2024\/09\/IMG_7046.jpg\" alt=\"\" class=\"wp-image-628\" style=\"width:222px;height:auto\" srcset=\"https:\/\/wp.highland-dragons-sd.de\/wp-content\/uploads\/2024\/09\/IMG_7046.jpg 872w, https:\/\/wp.highland-dragons-sd.de\/wp-content\/uploads\/2024\/09\/IMG_7046-255x300.jpg 255w, https:\/\/wp.highland-dragons-sd.de\/wp-content\/uploads\/2024\/09\/IMG_7046-768x902.jpg 768w\" sizes=\"auto, (max-width: 872px) 100vw, 872px\" \/><\/figure>\n\n\n\n<p>Der n\u00e4chste Schritt war die Aufnahme als vollst\u00e4ndiges Mitglied bei der EAASDC sowie die Zulassung als eingetragener Verein. Damit war der Weg f\u00fcr die \u201eHighland Dragons\u201c offiziell geebnet und die Reise als Club konnte beginnen.<\/p>\n\n\n\n<p><br><strong>Chronik:<\/strong><\/p>\n\n\n\n<p>07.05.2008: Start des PLUS-Workshops in M\u00f6mlingen<\/p>\n\n\n\n<p>16.09.2009: Start des A1-Workshops in M\u00f6mlingen<\/p>\n\n\n\n<p>12.05.2010:  Gr\u00fcndung des \u201eHighland Dragons e. V. M\u00f6mlingen\u201d<\/p>\n\n\n\n<p>10.06.2010:  Erster Mainstream-Clubabend<\/p>\n\n\n\n<p>07.10.2010:  Start ersten Mainstream Class mit 22 Students<\/p>\n\n\n\n<p>25.11.2010:   Verteilung der ersten Club-Badges<\/p>\n\n\n\n<p>21.05.2011:   Graduation der Mainstream Class in M\u00f6mlingen<\/p>\n\n\n\n<p>04.10.2012:  Start der zweiten Mainstream Class<\/p>\n\n\n\n<p>27.04.2013:  Graduation der Mainstream Class in L\u00fctzelbach<\/p>\n\n\n\n<p>02.10.2014:  Start der dritten Mainstream Class<\/p>\n\n\n\n<p>17.09.2015:  Graduation der Mainstream Class in M\u00f6mlingen<\/p>\n\n\n\n<p>06.10.2016: Start der vierten Mainstream Class<\/p>\n\n\n\n<p>11.05.2017:   Graduation der Mainstream Class in M\u00f6mlingen<\/p>\n\n\n\n<p>31.01.2019: Simone Teuchgraber wird neue Pr\u00e4sidentin und das Board wird verkleinert<\/p>\n\n\n\n<p>01.01.2019: Peter Koch wird Clubcaller<\/p>\n\n\n\n<p>27.04.2023: \u00c4nderung des Tanztages von Freitag auf Donnerstag<\/p>\n\n\n\n<p>27.04.2023: Peter Budsky wird Clubcaller<\/p>\n\n\n\n<p>        2024:  Start der f\u00fcnften Mainstream Class<\/p>\n\n\n\n<p>07.11.2024: Graduation der Mainstream Class in Michelstadt<\/p>\n\n\n\n<p><\/p>\n","protected":false},"excerpt":{"rendered":"<p>Die Gr\u00fcndung der Highland Dragons wurde im Rahmen eines Plus-Workshops in M\u00f6mlingen initiiert. Im Mai 2008 trafen sich T\u00e4nzer aus [&hellip;]<\/p>\n","protected":false},"author":1,"featured_media":0,"parent":0,"menu_order":7,"comment_status":"closed","ping_status":"closed","template":"","meta":{"site-sidebar-layout":"default","site-content-layout":"","ast-site-content-layout":"default","site-content-style":"default","site-sidebar-style":"default","ast-global-header-display":"","ast-banner-title-visibility":"","ast-main-header-display":"","ast-hfb-above-header-display":"","ast-hfb-below-header-display":"","ast-hfb-mobile-header-display":"","site-post-title":"","ast-breadcrumbs-content":"","ast-featured-img":"","footer-sml-layout":"","ast-disable-related-posts":"","theme-transparent-header-meta":"","adv-header-id-meta":"","stick-header-meta":"","header-above-stick-meta":"","header-main-stick-meta":"","header-below-stick-meta":"","astra-migrate-meta-layouts":"default","ast-page-background-enabled":"default","ast-page-background-meta":{"desktop":{"background-color":"var(--ast-global-color-4)","background-image":"","background-repeat":"repeat","background-position":"center center","background-size":"auto","background-attachment":"scroll","background-type":"","background-media":"","overlay-type":"","overlay-color":"","overlay-opacity":"","overlay-gradient":""},"tablet":{"background-color":"","background-image":"","background-repeat":"repeat","background-position":"center center","background-size":"auto","background-attachment":"scroll","background-type":"","background-media":"","overlay-type":"","overlay-color":"","overlay-opacity":"","overlay-gradient":""},"mobile":{"background-color":"","background-image":"","background-repeat":"repeat","background-position":"center center","background-size":"auto","background-attachment":"scroll","background-type":"","background-media":"","overlay-type":"","overlay-color":"","overlay-opacity":"","overlay-gradient":""}},"ast-content-background-meta":{"desktop":{"background-color":"var(--ast-global-color-5)","background-image":"","background-repeat":"repeat","background-position":"center center","background-size":"auto","background-attachment":"scroll","background-type":"","background-media":"","overlay-type":"","overlay-color":"","overlay-opacity":"","overlay-gradient":""},"tablet":{"background-color":"var(--ast-global-color-5)","background-image":"","background-repeat":"repeat","background-position":"center center","background-size":"auto","background-attachment":"scroll","background-type":"","background-media":"","overlay-type":"","overlay-color":"","overlay-opacity":"","overlay-gradient":""},"mobile":{"background-color":"var(--ast-global-color-5)","background-image":"","background-repeat":"repeat","background-position":"center center","background-size":"auto","background-attachment":"scroll","background-type":"","background-media":"","overlay-type":"","overlay-color":"","overlay-opacity":"","overlay-gradient":""}},"_mc_calendar":[],"footnotes":""},"class_list":["post-936","page","type-page","status-publish","hentry"],"_links":{"self":[{"href":"https:\/\/wp.highland-dragons-sd.de\/index.php?rest_route=\/wp\/v2\/pages\/936","targetHints":{"allow":["GET"]}}],"collection":[{"href":"https:\/\/wp.highland-dragons-sd.de\/index.php?rest_route=\/wp\/v2\/pages"}],"about":[{"href":"https:\/\/wp.highland-dragons-sd.de\/index.php?rest_route=\/wp\/v2\/types\/page"}],"author":[{"embeddable":true,"href":"https:\/\/wp.highland-dragons-sd.de\/index.php?rest_route=\/wp\/v2\/users\/1"}],"replies":[{"embeddable":true,"href":"https:\/\/wp.highland-dragons-sd.de\/index.php?rest_route=%2Fwp%2Fv2%2Fcomments&post=936"}],"version-history":[{"count":12,"href":"https:\/\/wp.highland-dragons-sd.de\/index.php?rest_route=\/wp\/v2\/pages\/936\/revisions"}],"predecessor-version":[{"id":1039,"href":"https:\/\/wp.highland-dragons-sd.de\/index.php?rest_route=\/wp\/v2\/pages\/936\/revisions\/1039"}],"wp:attachment":[{"href":"https:\/\/wp.highland-dragons-sd.de\/index.php?rest_route=%2Fwp%2Fv2%2Fmedia&parent=936"}],"curies":[{"name":"wp","href":"https:\/\/api.w.org\/{rel}","templated":true}]}}